{"id":3611,"date":"2025-03-12T14:46:50","date_gmt":"2025-03-12T11:46:50","guid":{"rendered":"https:\/\/www.millerhawk.com\/privacy-policy\/"},"modified":"2025-03-12T14:58:39","modified_gmt":"2025-03-12T11:58:39","slug":"andmekaitsetingimused","status":"publish","type":"page","link":"https:\/\/www.millerhawk.com\/et\/andmekaitsetingimused\/","title":{"rendered":"Andmekaitsetingimused"},"content":{"rendered":"<h2>Millerhawk O\u00dc privaatsuspoliitika<\/h2>\n<p>MillerHawk O\u00dc jaoks on meie klientide ja partnerite usaldus v\u00e4ga oluline. Soovime, et k\u00f5ik, kes meiega enda isikuandmeid jagavad, oleksid kindlad, et hoolitseme nende andmete eest parimal v\u00f5imalikul moel. K\u00e4esolev privaatsuspoliitika on koostatud eesm\u00e4rgiga kaitsta MillerHawk O\u00dc endiste, praeguste ja tulevaste klientide privaatsust. Sellest l\u00e4htuvalt toome v\u00e4lja p\u00f5him\u00f5tted, mis k\u00e4sitlevad kliendi isikuandmete kogumist, kasutamist, talletamist, edastamist ja avaldamist ning on koosk\u00f5las Eesti Vabariigi seaduste ning Euroopa Liidu \u00f5igusaktidega.<\/p>\n<h3>Isikuandmete kogumine ja kasutamine<\/h3>\n<p>Isikuandmetena k\u00e4sitleme andmeid, mis on isiku poolt meiega jagatud vabatahtlikult. Isikuandmed v\u00f5ivad sisaldada nime, telefoninumbrit, e-maili, aadressi ja muid andmeid. Isikuandmeid kasutame vaid selleks etten\u00e4htud eesm\u00e4rgil, milleks on klientidele v\u00e4rskeima turuinfo edastamine, uusarenduste tutvustamine, k\u00fcsimustele vastamine, parimate pakkumiste, kliendip\u00e4evade ning muude MillerHawk O\u00dc tegevusega seotud info jagamine. Millerhawk O\u00dc ei levita, edasta, muuda ega kasuta m\u00f5nel muul mitte etten\u00e4htud viisil meile usaldatud isikuandmeid, v\u00e4lja arvatud juhul kui kliendiga on vastav kokkulepe v\u00f5i kui info avaldamise vajadus tuleneb Eesti Vabariigi seadusandlusest. Juhul, kui saate meie k\u00e4est eelnimetatud infot, ilma et oleksite meile enda teadmata edastanud oma andmeid, palume sellest teada <a href=\"mailto:info@millerhawk.com\">info@millerhawk.com<\/a> Isikul on \u00f5igus oma n\u00f5usolek igal ajal tagasi v\u00f5tta teavitades sellest aadressil <a href=\"mailto:info@millerhawk.com\">info@millerhawk.com<\/a>.<\/p>\n<h3>K\u00fcpsised<\/h3>\n<p>Millerhawk O\u00dc kasutab oma veebilehel k\u00fcpsiseid (cookies), mille funktsiooniks on anal\u00fc\u00fcsida Teie sirvimisajalugu. Kasutame seda teavet, et muuta kasutajakogemus mugavamaks ning Teie soovidele vastavamaks. \u00dchtlasi kasutame k\u00fcpsiseid statistilise anal\u00fc\u00fcsi eesm\u00e4rgil ning selleks, et n\u00e4idata Teile reklaame l\u00e4bi hoolikalt valitud kolmandate osapoolte rakenduste (nt Google Inc, Adroll Inc, Facebook Inc, Mailchimp jne). Anname teada, et me ei oma ligip\u00e4\u00e4su ega kontrolli kolmandate osapoolte poolt paigaldatavaid k\u00fcpsiseid ning nende rakendamine toimub l\u00e4htuvalt nende endi privaatsuspoliitikale. K\u00fcpsis on tekstifail, mille saadavad ja salvestavad kasutaja arvutisse veebilehed, mida ta k\u00fclastab. K\u00fcpsis salvestatakse kasutaja veebilehitseja failikataloogis. Juhul kui Kasutaja on veebilehte varem k\u00fclastanud, loeb veebilehitseja k\u00fcpsist ning edastab vastava teabe veebilehele v\u00f5i elemendile, mis k\u00fcpsise algul salvestas. Lisateave k\u00fcpsiste kohta on k\u00e4ttesaadav veebilehel <a href=\"https:\/\/www.aki.ee\/kupsised\">https:\/\/www.aki.ee\/kupsised<\/a>. Veebilehitsejal on \u00f5igus k\u00fcpsiste kasutamine \u00e4ra keelata. Vastava soovi korral tuleb muuta oma veebilehitseja seadeid.<\/p>\n<h3>Privaatsuspoliitika tingimused ja muudatused<\/h3>\n<p>Meile oma andmeid edastades ning meie veebilehe kasutamist j\u00e4tkates loeme, et olete tutvunud meie p\u00f5him\u00f5tete ja tingimustega ning nendega n\u00f5ustunud. Millerhawk O\u00dc j\u00e4tab endale \u00f5iguse vajadusel muuta privaatsuspoliitika \u00fcldtingimusi. K\u00f5ikide privaatsuspoliitikat puudutavate k\u00fcsimuste korral palume v\u00f5tta meiega \u00fchendust <a href=\"mailto:info@millerhawk.com\">info@millerhawk.com<\/a>.<\/p>\n","protected":false},"excerpt":{"rendered":"<p>Millerhawk O\u00dc privaatsuspoliitika MillerHawk O\u00dc jaoks on meie klientide ja partnerite usaldus v\u00e4ga oluline. Soovime, et k\u00f5ik, kes meiega enda isikuandmeid jagavad, oleksid kindlad, et hoolitseme nende andmete eest parimal v\u00f5imalikul moel. K\u00e4esolev privaatsuspoliitika on koostatud eesm\u00e4rgiga kaitsta MillerHawk O\u00dc endiste, praeguste ja tulevaste klientide privaatsust. Sellest l\u00e4htuvalt toome v\u00e4lja p\u00f5him\u00f5tted, mis k\u00e4sitlevad kliendi isikuandmete [&hellip;]<\/p>\n","protected":false},"author":4,"featured_media":0,"parent":0,"menu_order":0,"comment_status":"closed","ping_status":"closed","template":"","meta":{"_acf_changed":false,"footnotes":""},"class_list":["post-3611","page","type-page","status-publish","hentry"],"acf":[],"yoast_head":"<!-- This site is optimized with the Yoast SEO plugin v27.4 - https:\/\/yoast.com\/product\/yoast-seo-wordpress\/ -->\n<title>Andmekaitsetingimused - Millerhawk<\/title>\n<meta name=\"robots\" content=\"index, follow, max-snippet:-1, max-image-preview:large, max-video-preview:-1\" \/>\n<link rel=\"canonical\" href=\"https:\/\/www.millerhawk.com\/et\/andmekaitsetingimused\/\" \/>\n<meta property=\"og:locale\" content=\"et_EE\" \/>\n<meta property=\"og:type\" content=\"article\" \/>\n<meta property=\"og:title\" content=\"Andmekaitsetingimused - Millerhawk\" \/>\n<meta property=\"og:description\" content=\"Millerhawk O\u00dc privaatsuspoliitika MillerHawk O\u00dc jaoks on meie klientide ja partnerite usaldus v\u00e4ga oluline. Soovime, et k\u00f5ik, kes meiega enda isikuandmeid jagavad, oleksid kindlad, et hoolitseme nende andmete eest parimal v\u00f5imalikul moel. K\u00e4esolev privaatsuspoliitika on koostatud eesm\u00e4rgiga kaitsta MillerHawk O\u00dc endiste, praeguste ja tulevaste klientide privaatsust. Sellest l\u00e4htuvalt toome v\u00e4lja p\u00f5him\u00f5tted, mis k\u00e4sitlevad kliendi isikuandmete [&hellip;]\" \/>\n<meta property=\"og:url\" content=\"https:\/\/www.millerhawk.com\/et\/andmekaitsetingimused\/\" \/>\n<meta property=\"og:site_name\" content=\"Millerhawk\" \/>\n<meta property=\"article:modified_time\" content=\"2025-03-12T11:58:39+00:00\" \/>\n<meta name=\"twitter:card\" content=\"summary_large_image\" \/>\n<meta name=\"twitter:label1\" content=\"Est. reading time\" \/>\n\t<meta name=\"twitter:data1\" content=\"2 minutit\" \/>\n<script type=\"application\/ld+json\" class=\"yoast-schema-graph\">{\"@context\":\"https:\\\/\\\/schema.org\",\"@graph\":[{\"@type\":\"WebPage\",\"@id\":\"https:\\\/\\\/www.millerhawk.com\\\/et\\\/andmekaitsetingimused\\\/\",\"url\":\"https:\\\/\\\/www.millerhawk.com\\\/et\\\/andmekaitsetingimused\\\/\",\"name\":\"Andmekaitsetingimused - Millerhawk\",\"isPartOf\":{\"@id\":\"https:\\\/\\\/www.millerhawk.com\\\/#website\"},\"datePublished\":\"2025-03-12T11:46:50+00:00\",\"dateModified\":\"2025-03-12T11:58:39+00:00\",\"breadcrumb\":{\"@id\":\"https:\\\/\\\/www.millerhawk.com\\\/et\\\/andmekaitsetingimused\\\/#breadcrumb\"},\"inLanguage\":\"et\",\"potentialAction\":[{\"@type\":\"ReadAction\",\"target\":[\"https:\\\/\\\/www.millerhawk.com\\\/et\\\/andmekaitsetingimused\\\/\"]}]},{\"@type\":\"BreadcrumbList\",\"@id\":\"https:\\\/\\\/www.millerhawk.com\\\/et\\\/andmekaitsetingimused\\\/#breadcrumb\",\"itemListElement\":[{\"@type\":\"ListItem\",\"position\":1,\"name\":\"Home\",\"item\":\"https:\\\/\\\/www.millerhawk.com\\\/et\\\/\"},{\"@type\":\"ListItem\",\"position\":2,\"name\":\"Andmekaitsetingimused\"}]},{\"@type\":\"WebSite\",\"@id\":\"https:\\\/\\\/www.millerhawk.com\\\/#website\",\"url\":\"https:\\\/\\\/www.millerhawk.com\\\/\",\"name\":\"Millerhawk\",\"description\":\"Capital Mill is a professional real estate investment manager\",\"publisher\":{\"@id\":\"https:\\\/\\\/www.millerhawk.com\\\/#organization\"},\"potentialAction\":[{\"@type\":\"SearchAction\",\"target\":{\"@type\":\"EntryPoint\",\"urlTemplate\":\"https:\\\/\\\/www.millerhawk.com\\\/?s={search_term_string}\"},\"query-input\":{\"@type\":\"PropertyValueSpecification\",\"valueRequired\":true,\"valueName\":\"search_term_string\"}}],\"inLanguage\":\"et\"},{\"@type\":\"Organization\",\"@id\":\"https:\\\/\\\/www.millerhawk.com\\\/#organization\",\"name\":\"Millerhawk\",\"url\":\"https:\\\/\\\/www.millerhawk.com\\\/\",\"logo\":{\"@type\":\"ImageObject\",\"inLanguage\":\"et\",\"@id\":\"https:\\\/\\\/www.millerhawk.com\\\/#\\\/schema\\\/logo\\\/image\\\/\",\"url\":\"https:\\\/\\\/www.millerhawk.com\\\/wp-content\\\/uploads\\\/2022\\\/10\\\/cropped-scrollLogo-1.png\",\"contentUrl\":\"https:\\\/\\\/www.millerhawk.com\\\/wp-content\\\/uploads\\\/2022\\\/10\\\/cropped-scrollLogo-1.png\",\"width\":93,\"height\":49,\"caption\":\"Millerhawk\"},\"image\":{\"@id\":\"https:\\\/\\\/www.millerhawk.com\\\/#\\\/schema\\\/logo\\\/image\\\/\"}}]}<\/script>\n<!-- \/ Yoast SEO plugin. -->","yoast_head_json":{"title":"Andmekaitsetingimused - Millerhawk","robots":{"index":"index","follow":"follow","max-snippet":"max-snippet:-1","max-image-preview":"max-image-preview:large","max-video-preview":"max-video-preview:-1"},"canonical":"https:\/\/www.millerhawk.com\/et\/andmekaitsetingimused\/","og_locale":"et_EE","og_type":"article","og_title":"Andmekaitsetingimused - Millerhawk","og_description":"Millerhawk O\u00dc privaatsuspoliitika MillerHawk O\u00dc jaoks on meie klientide ja partnerite usaldus v\u00e4ga oluline. Soovime, et k\u00f5ik, kes meiega enda isikuandmeid jagavad, oleksid kindlad, et hoolitseme nende andmete eest parimal v\u00f5imalikul moel. K\u00e4esolev privaatsuspoliitika on koostatud eesm\u00e4rgiga kaitsta MillerHawk O\u00dc endiste, praeguste ja tulevaste klientide privaatsust. Sellest l\u00e4htuvalt toome v\u00e4lja p\u00f5him\u00f5tted, mis k\u00e4sitlevad kliendi isikuandmete [&hellip;]","og_url":"https:\/\/www.millerhawk.com\/et\/andmekaitsetingimused\/","og_site_name":"Millerhawk","article_modified_time":"2025-03-12T11:58:39+00:00","twitter_card":"summary_large_image","twitter_misc":{"Est. reading time":"2 minutit"},"schema":{"@context":"https:\/\/schema.org","@graph":[{"@type":"WebPage","@id":"https:\/\/www.millerhawk.com\/et\/andmekaitsetingimused\/","url":"https:\/\/www.millerhawk.com\/et\/andmekaitsetingimused\/","name":"Andmekaitsetingimused - Millerhawk","isPartOf":{"@id":"https:\/\/www.millerhawk.com\/#website"},"datePublished":"2025-03-12T11:46:50+00:00","dateModified":"2025-03-12T11:58:39+00:00","breadcrumb":{"@id":"https:\/\/www.millerhawk.com\/et\/andmekaitsetingimused\/#breadcrumb"},"inLanguage":"et","potentialAction":[{"@type":"ReadAction","target":["https:\/\/www.millerhawk.com\/et\/andmekaitsetingimused\/"]}]},{"@type":"BreadcrumbList","@id":"https:\/\/www.millerhawk.com\/et\/andmekaitsetingimused\/#breadcrumb","itemListElement":[{"@type":"ListItem","position":1,"name":"Home","item":"https:\/\/www.millerhawk.com\/et\/"},{"@type":"ListItem","position":2,"name":"Andmekaitsetingimused"}]},{"@type":"WebSite","@id":"https:\/\/www.millerhawk.com\/#website","url":"https:\/\/www.millerhawk.com\/","name":"Millerhawk","description":"Capital Mill is a professional real estate investment manager","publisher":{"@id":"https:\/\/www.millerhawk.com\/#organization"},"potentialAction":[{"@type":"SearchAction","target":{"@type":"EntryPoint","urlTemplate":"https:\/\/www.millerhawk.com\/?s={search_term_string}"},"query-input":{"@type":"PropertyValueSpecification","valueRequired":true,"valueName":"search_term_string"}}],"inLanguage":"et"},{"@type":"Organization","@id":"https:\/\/www.millerhawk.com\/#organization","name":"Millerhawk","url":"https:\/\/www.millerhawk.com\/","logo":{"@type":"ImageObject","inLanguage":"et","@id":"https:\/\/www.millerhawk.com\/#\/schema\/logo\/image\/","url":"https:\/\/www.millerhawk.com\/wp-content\/uploads\/2022\/10\/cropped-scrollLogo-1.png","contentUrl":"https:\/\/www.millerhawk.com\/wp-content\/uploads\/2022\/10\/cropped-scrollLogo-1.png","width":93,"height":49,"caption":"Millerhawk"},"image":{"@id":"https:\/\/www.millerhawk.com\/#\/schema\/logo\/image\/"}}]}},"_links":{"self":[{"href":"https:\/\/www.millerhawk.com\/et\/wp-json\/wp\/v2\/pages\/3611","targetHints":{"allow":["GET"]}}],"collection":[{"href":"https:\/\/www.millerhawk.com\/et\/wp-json\/wp\/v2\/pages"}],"about":[{"href":"https:\/\/www.millerhawk.com\/et\/wp-json\/wp\/v2\/types\/page"}],"author":[{"embeddable":true,"href":"https:\/\/www.millerhawk.com\/et\/wp-json\/wp\/v2\/users\/4"}],"replies":[{"embeddable":true,"href":"https:\/\/www.millerhawk.com\/et\/wp-json\/wp\/v2\/comments?post=3611"}],"version-history":[{"count":2,"href":"https:\/\/www.millerhawk.com\/et\/wp-json\/wp\/v2\/pages\/3611\/revisions"}],"predecessor-version":[{"id":3613,"href":"https:\/\/www.millerhawk.com\/et\/wp-json\/wp\/v2\/pages\/3611\/revisions\/3613"}],"wp:attachment":[{"href":"https:\/\/www.millerhawk.com\/et\/wp-json\/wp\/v2\/media?parent=3611"}],"curies":[{"name":"wp","href":"https:\/\/api.w.org\/{rel}","templated":true}]}}